{"id":11,"date":"2017-08-28T15:58:18","date_gmt":"2017-08-28T13:58:18","guid":{"rendered":"http:\/\/gpmfactory.com\/?page_id=11"},"modified":"2024-03-10T10:45:18","modified_gmt":"2024-03-10T09:45:18","slug":"une-section-de-page-daccueil","status":"publish","type":"page","link":"https:\/\/gpmfactory.com\/index.php\/une-section-de-page-daccueil\/","title":{"rendered":"R\u00e9alisations"},"content":{"rendered":"<ul>\n<li>Application de SAV pour \u00e9quipements vid\u00e9os<\/li>\n<li>Planning \u00e9quipe de techniciens<\/li>\n<li>Animation force de vente &#8211; Application BlitzDay<\/li>\n<li>Innovation et ateliers de Design<\/li>\n<li>ChatBot pour syndic immobilier<\/li>\n<li>Transfert de comp\u00e9tence sur ORDS (Oracle REST data Service)<\/li>\n<li>Transfert de comp\u00e9tence sur Oracle Content &amp; Experience (aka Docs)<\/li>\n<li>Application d&rsquo;optimisation de trajets sous Oracle Application Express (Apex)<\/li>\n<li>Applications Android pour collecter des screenshots d&rsquo;\u00e9cran<\/li>\n<\/ul>\n","protected":false},"excerpt":{"rendered":"<p>Application de SAV pour \u00e9quipements vid\u00e9os Planning \u00e9quipe de techniciens Animation force de vente &#8211; Application BlitzDay Innovation et ateliers de Design ChatBot pour&#8230;<\/p>\n","protected":false},"author":1,"featured_media":0,"parent":0,"menu_order":0,"comment_status":"closed","ping_status":"closed","template":"","meta":{"footnotes":""},"class_list":["post-11","page","type-page","status-publish","hentry"],"_links":{"self":[{"href":"https:\/\/gpmfactory.com\/index.php\/wp-json\/wp\/v2\/pages\/11","targetHints":{"allow":["GET"]}}],"collection":[{"href":"https:\/\/gpmfactory.com\/index.php\/wp-json\/wp\/v2\/pages"}],"about":[{"href":"https:\/\/gpmfactory.com\/index.php\/wp-json\/wp\/v2\/types\/page"}],"author":[{"embeddable":true,"href":"https:\/\/gpmfactory.com\/index.php\/wp-json\/wp\/v2\/users\/1"}],"replies":[{"embeddable":true,"href":"https:\/\/gpmfactory.com\/index.php\/wp-json\/wp\/v2\/comments?post=11"}],"version-history":[{"count":8,"href":"https:\/\/gpmfactory.com\/index.php\/wp-json\/wp\/v2\/pages\/11\/revisions"}],"predecessor-version":[{"id":5332,"href":"https:\/\/gpmfactory.com\/index.php\/wp-json\/wp\/v2\/pages\/11\/revisions\/5332"}],"wp:attachment":[{"href":"https:\/\/gpmfactory.com\/index.php\/wp-json\/wp\/v2\/media?parent=11"}],"curies":[{"name":"wp","href":"https:\/\/api.w.org\/{rel}","templated":true}]}}