{"id":5716,"date":"2024-03-21T20:58:48","date_gmt":"2024-03-21T19:58:48","guid":{"rendered":"https:\/\/gpmfactory.com\/?page_id=5716"},"modified":"2024-03-21T20:58:48","modified_gmt":"2024-03-21T19:58:48","slug":"regles-confidentialite-application-nocourant","status":"publish","type":"page","link":"https:\/\/gpmfactory.com\/index.php\/regles-confidentialite-application-nocourant\/","title":{"rendered":"R\u00e8gles confidentialit\u00e9 application NoCourant"},"content":{"rendered":"\n<p>Cette application permet de d\u00e9tecter une coupure de courant et d&rsquo;envoyer un sms \u00e0 un num\u00e9ro de t\u00e9l\u00e9phone qui a \u00e9t\u00e9 enregistr\u00e9 dans l&rsquo;application NoCourant. <\/p>\n\n\n\n<p>Permissions demand\u00e9es<\/p>\n\n\n\n<p>Envoyer un SMS<\/p>\n","protected":false},"excerpt":{"rendered":"<p>Cette application permet de d\u00e9tecter une coupure de courant et d&rsquo;envoyer un sms \u00e0 un num\u00e9ro de t\u00e9l\u00e9phone qui a \u00e9t\u00e9 enregistr\u00e9 dans l&rsquo;application&#8230;<\/p>\n","protected":false},"author":1,"featured_media":0,"parent":0,"menu_order":0,"comment_status":"closed","ping_status":"closed","template":"","meta":{"footnotes":""},"class_list":["post-5716","page","type-page","status-publish","hentry"],"_links":{"self":[{"href":"https:\/\/gpmfactory.com\/index.php\/wp-json\/wp\/v2\/pages\/5716","targetHints":{"allow":["GET"]}}],"collection":[{"href":"https:\/\/gpmfactory.com\/index.php\/wp-json\/wp\/v2\/pages"}],"about":[{"href":"https:\/\/gpmfactory.com\/index.php\/wp-json\/wp\/v2\/types\/page"}],"author":[{"embeddable":true,"href":"https:\/\/gpmfactory.com\/index.php\/wp-json\/wp\/v2\/users\/1"}],"replies":[{"embeddable":true,"href":"https:\/\/gpmfactory.com\/index.php\/wp-json\/wp\/v2\/comments?post=5716"}],"version-history":[{"count":1,"href":"https:\/\/gpmfactory.com\/index.php\/wp-json\/wp\/v2\/pages\/5716\/revisions"}],"predecessor-version":[{"id":5717,"href":"https:\/\/gpmfactory.com\/index.php\/wp-json\/wp\/v2\/pages\/5716\/revisions\/5717"}],"wp:attachment":[{"href":"https:\/\/gpmfactory.com\/index.php\/wp-json\/wp\/v2\/media?parent=5716"}],"curies":[{"name":"wp","href":"https:\/\/api.w.org\/{rel}","templated":true}]}}