{"id":7,"date":"2017-08-28T15:58:18","date_gmt":"2017-08-28T13:58:18","guid":{"rendered":"http:\/\/gpmfactory.com\/?page_id=7"},"modified":"2025-09-25T10:37:41","modified_gmt":"2025-09-25T08:37:41","slug":"accueil","status":"publish","type":"page","link":"https:\/\/gpmfactory.com\/index.php\/accueil\/","title":{"rendered":""},"content":{"rendered":"<p><img loading=\"lazy\" decoding=\"async\" class=\"alignright wp-image-3754\" src=\"http:\/\/gpmfactory.com\/wp-content\/uploads\/2017\/11\/clown-1295112_960_720-300x238.png\" alt=\"\" width=\"120\" height=\"95\" \/><\/p>\n<p><strong><br \/>GPM Factory<\/strong> est une soci\u00e9t\u00e9 de conseil sp\u00e9cialis\u00e9e sur la plateforme <a href=\"http:\/\/gpmfactory.com\/index.php\/2017\/11\/19\/presentation-oracle-application-express\/\">Oracle APEX<\/a>. Nous proposons de l&rsquo;accompagnement sur les services :<\/p>\n<ul>\n<li>Oracle APEX<\/li>\n<li>ORDS (REST data Service)<\/li>\n<li>Int\u00e9gration avec Oracle Services Cloud<\/li>\n<li>D\u00e9veloppement PL\/SQL<\/li>\n<li>Apache FOP<\/li>\n<li>AOP Printing<\/li>\n<\/ul>\n<p>GPM Factory est partenaire de la soci\u00e9t\u00e9 Canadienne <a href=\"https:\/\/insum.talan.com\/fr\/\">Talan &#8211; Insum<\/a> bas\u00e9e \u00e0 Montr\u00e9al et sp\u00e9cialis\u00e9e sur Oracle Application Express (APEX).<\/p>\n\n\n<p><\/p>\n","protected":false},"excerpt":{"rendered":"<p>GPM Factory est une soci\u00e9t\u00e9 de conseil sp\u00e9cialis\u00e9e sur la plateforme Oracle APEX. Nous proposons de l&rsquo;accompagnement sur les services : Oracle APEX ORDS&#8230;<\/p>\n","protected":false},"author":1,"featured_media":0,"parent":0,"menu_order":0,"comment_status":"closed","ping_status":"closed","template":"","meta":{"footnotes":""},"class_list":["post-7","page","type-page","status-publish","hentry"],"_links":{"self":[{"href":"https:\/\/gpmfactory.com\/index.php\/wp-json\/wp\/v2\/pages\/7","targetHints":{"allow":["GET"]}}],"collection":[{"href":"https:\/\/gpmfactory.com\/index.php\/wp-json\/wp\/v2\/pages"}],"about":[{"href":"https:\/\/gpmfactory.com\/index.php\/wp-json\/wp\/v2\/types\/page"}],"author":[{"embeddable":true,"href":"https:\/\/gpmfactory.com\/index.php\/wp-json\/wp\/v2\/users\/1"}],"replies":[{"embeddable":true,"href":"https:\/\/gpmfactory.com\/index.php\/wp-json\/wp\/v2\/comments?post=7"}],"version-history":[{"count":41,"href":"https:\/\/gpmfactory.com\/index.php\/wp-json\/wp\/v2\/pages\/7\/revisions"}],"predecessor-version":[{"id":6113,"href":"https:\/\/gpmfactory.com\/index.php\/wp-json\/wp\/v2\/pages\/7\/revisions\/6113"}],"wp:attachment":[{"href":"https:\/\/gpmfactory.com\/index.php\/wp-json\/wp\/v2\/media?parent=7"}],"curies":[{"name":"wp","href":"https:\/\/api.w.org\/{rel}","templated":true}]}}